{"id":909,"date":"2022-09-12T06:04:13","date_gmt":"2022-09-12T06:04:13","guid":{"rendered":"https:\/\/rneumayer.clients.bluedom.ch\/impressum\/"},"modified":"2025-08-12T21:04:52","modified_gmt":"2025-08-12T19:04:52","slug":"impressum","status":"publish","type":"page","link":"https:\/\/rneumayer.clients.bluedom.ch\/fr\/impressum\/","title":{"rendered":"Mentions l\u00e9gales"},"content":{"rendered":"<p>Richard Neumayer GmbH<br \/>\nHinterer Bahnhof 15<br \/>\n77756 Hausach<\/p>\n<p>Direction&nbsp;: Dirk&nbsp;A.&nbsp;Neumayer, Thomas&nbsp;Armbruster, Thorsten&nbsp;Zukschwerdt<br \/>\nTribunal d\u2019enregistrement&nbsp;: Fribourg-en-Brisgau HRB 680 145<br \/>\nNum\u00e9ro d\u2019identification TVA&nbsp;: DE143053080<\/p>\n<h4>Exclusion de responsabilit\u00e9&nbsp;:<\/h4>\n<h4>Responsabilit\u00e9 pour le contenu<\/h4>\n<p>Le contenu de nos pages a \u00e9t\u00e9 cr\u00e9\u00e9 avec le plus grand soin. Nous ne pouvons toutefois garantir l\u2019exactitude, l\u2019exhaustivit\u00e9 et l\u2019actualit\u00e9 du contenu. En tant que prestataire de services, nous sommes responsables de notre propre contenu sur ces pages conform\u00e9ment aux lois g\u00e9n\u00e9rales. En tant que prestataire de services, nous ne sommes toutefois pas tenus de surveiller les informations externes transmises ou stock\u00e9es, ni de rechercher les circonstances qui indiquent une activit\u00e9 ill\u00e9gale. Les obligations de supprimer ou de bloquer l\u2019utilisation des informations conform\u00e9ment aux lois g\u00e9n\u00e9rales n\u2019en sont pas affect\u00e9es. Une responsabilit\u00e9 \u00e0 cet \u00e9gard n\u2019est toutefois possible qu\u2019\u00e0 partir du moment o\u00f9 l\u2019on a connaissance d\u2019une violation concr\u00e8te de la loi. D\u00e8s que nous aurons connaissance de telles violations de la loi, nous supprimerons imm\u00e9diatement ce contenu.<\/p>\n<h4>Responsabilit\u00e9 pour les liens<\/h4>\n<p>Notre offre contient des liens vers des sites web externes de tiers sur le contenu desquels nous n\u2019avons aucune influence. Par cons\u00e9quent, nous ne pouvons assumer aucune responsabilit\u00e9 pour ce contenu externe. Le fournisseur ou l\u2019exploitant respectif des pages est toujours responsable du contenu des pages li\u00e9es. Les pages li\u00e9es ont \u00e9t\u00e9 v\u00e9rifi\u00e9es au moment de la cr\u00e9ation du lien afin de d\u00e9tecter d\u2019\u00e9ventuelles violations de la loi. Les contenus ill\u00e9gaux n\u2019\u00e9taient pas reconnaissables au moment de la cr\u00e9ation du lien. Un contr\u00f4le permanent du contenu des pages li\u00e9es n\u2019est toutefois pas raisonnable sans indication concr\u00e8te d\u2019une violation de la loi. D\u00e8s que nous aurons connaissance de violations de la loi, nous supprimerons imm\u00e9diatement ces liens.<\/p>\n<h4>Droit d\u2019auteur<\/h4>\n<p>Les contenus et \u0153uvres cr\u00e9\u00e9s par les exploitants du site sur ces pages sont soumis au droit d\u2019auteur allemand. La reproduction, le traitement, la distribution et tout type d\u2019utilisation en dehors des limites du droit d\u2019auteur n\u00e9cessitent l\u2019accord \u00e9crit de l\u2019auteur ou du cr\u00e9ateur respectif. Les t\u00e9l\u00e9chargements et les copies de cette page ne sont autoris\u00e9s que pour un usage priv\u00e9 et non commercial. Dans la mesure o\u00f9 le contenu de cette page n\u2019a pas \u00e9t\u00e9 cr\u00e9\u00e9 par l\u2019exploitant, les droits d\u2019auteur de tiers sont respect\u00e9s. En particulier, les contenus de tiers sont identifi\u00e9s comme tels. Si vous remarquez n\u00e9anmoins une violation du droit d\u2019auteur, nous vous demandons de nous en informer. D\u00e8s que nous aurons connaissance de violations de la loi, nous supprimerons imm\u00e9diatement ce type de contenu.<\/p>\n<h4>Protection des donn\u00e9es<\/h4>\n<p>L\u2019utilisation de notre site web est g\u00e9n\u00e9ralement possible sans indication de donn\u00e9es personnelles. Dans la mesure o\u00f9 des donn\u00e9es personnelles (par exemple, nom, adresse ou adresses e-mail) sont collect\u00e9es sur nos pages, cela se fait toujours sur une base volontaire, dans la mesure du possible. Ces donn\u00e9es ne seront pas transmises \u00e0 des tiers sans votre consentement explicite.<br \/>\nNous attirons votre attention sur le fait que la transmission de donn\u00e9es sur Internet (par exemple, lors de la communication par e-mail) peut pr\u00e9senter des failles de s\u00e9curit\u00e9. Une protection compl\u00e8te des donn\u00e9es contre l\u2019acc\u00e8s par des tiers n\u2019est pas possible.<br \/>\nL\u2019utilisation par des tiers des donn\u00e9es de contact publi\u00e9es dans le cadre des mentions l\u00e9gales pour l\u2019envoi de publicit\u00e9 et de mat\u00e9riel d\u2019information non express\u00e9ment demand\u00e9s est express\u00e9ment interdite. Les exploitants des pages se r\u00e9servent express\u00e9ment le droit d\u2019engager des poursuites judiciaires en cas d\u2019envoi non sollicit\u00e9 d\u2019informations publicitaires, par exemple par le biais de spams.<\/p>\n","protected":false},"excerpt":{"rendered":"<p>Richard Neumayer GmbH Hinterer Bahnhof 15 77756 Hausach Direction&nbsp;: Dirk&nbsp;A.&nbsp;Neumayer, Thomas&nbsp;Armbruster, Thorsten&nbsp;Zukschwerdt Tribunal d\u2019enregistrement&nbsp;: Fribourg-en-Brisgau HRB 680 145 Num\u00e9ro d\u2019identification TVA&nbsp;: DE143053080 Exclusion de responsabilit\u00e9&nbsp;: Responsabilit\u00e9 pour le contenu Le contenu de nos pages a \u00e9t\u00e9 cr\u00e9\u00e9 avec le plus grand soin. Nous ne pouvons toutefois garantir l\u2019exactitude, l\u2019exhaustivit\u00e9 et l\u2019actualit\u00e9 du contenu. En tant [&hellip;]<\/p>\n","protected":false},"author":5,"featured_media":0,"parent":0,"menu_order":0,"comment_status":"closed","ping_status":"closed","template":"","meta":{"_acf_changed":false,"inline_featured_image":false,"footnotes":""},"class_list":["post-909","page","type-page","status-publish","hentry"],"acf":[],"_links":{"self":[{"href":"https:\/\/rneumayer.clients.bluedom.ch\/fr\/wp-json\/wp\/v2\/pages\/909","targetHints":{"allow":["GET"]}}],"collection":[{"href":"https:\/\/rneumayer.clients.bluedom.ch\/fr\/wp-json\/wp\/v2\/pages"}],"about":[{"href":"https:\/\/rneumayer.clients.bluedom.ch\/fr\/wp-json\/wp\/v2\/types\/page"}],"author":[{"embeddable":true,"href":"https:\/\/rneumayer.clients.bluedom.ch\/fr\/wp-json\/wp\/v2\/users\/5"}],"replies":[{"embeddable":true,"href":"https:\/\/rneumayer.clients.bluedom.ch\/fr\/wp-json\/wp\/v2\/comments?post=909"}],"version-history":[{"count":5,"href":"https:\/\/rneumayer.clients.bluedom.ch\/fr\/wp-json\/wp\/v2\/pages\/909\/revisions"}],"predecessor-version":[{"id":3300,"href":"https:\/\/rneumayer.clients.bluedom.ch\/fr\/wp-json\/wp\/v2\/pages\/909\/revisions\/3300"}],"wp:attachment":[{"href":"https:\/\/rneumayer.clients.bluedom.ch\/fr\/wp-json\/wp\/v2\/media?parent=909"}],"curies":[{"name":"wp","href":"https:\/\/api.w.org\/{rel}","templated":true}]}}