{"id":2350,"date":"2023-09-30T19:33:35","date_gmt":"2023-09-30T17:33:35","guid":{"rendered":"https:\/\/rneumayer.clients.bluedom.ch\/newsletter\/"},"modified":"2025-08-13T08:32:42","modified_gmt":"2025-08-13T06:32:42","slug":"newsletter","status":"publish","type":"page","link":"https:\/\/rneumayer.clients.bluedom.ch\/fr\/newsletter\/","title":{"rendered":"Newsletter"},"content":{"rendered":"<p><strong>Bienvenue&nbsp;! Vous avez trouv\u00e9 le chemin vers notre newsletter&nbsp;!<\/strong><\/p>\n<p>Vous recevrez ici r\u00e9guli\u00e8rement des informations et un acc\u00e8s aux derni\u00e8res tendances du secteur, \u00e0 nos communiqu\u00e9s de presse, aux d\u00e9clarations de la direction, aux projets d\u2019innovation et de d\u00e9veloppement, \u00e0 notre vision durable, aux opportunit\u00e9s de carri\u00e8re, aux mises \u00e0 jour internes et bien plus encore.<\/p>\n<p>Inscrivez-vous maintenant pour \u00eatre toujours inform\u00e9 en premier. Un simple clic sur le bouton d&rsquo;inscription suffit et nous vous souhaitons la bienvenue dans le monde de NEUMAYER&nbsp;! <\/p>\n<div class=\"BorlabsCookie _brlbs-cb-rapidmail\"><div class=\"_brlbs-content-blocker\"> <div class=\"_brlbs-default\"> <p>Cliquez sur le bouton pour charger le contenu de rapidmail.<\/p> <p><a class=\"_brlbs-btn\" href=\"#\" data-borlabs-cookie-unblock role=\"button\">Charger le contenu<\/a><\/p> <\/div> <\/div><div class=\"borlabs-hide\" data-borlabs-cookie-type=\"content-blocker\" data-borlabs-cookie-id=\"rapidmail\"><script type=\"text\/template\">PC9wPgo8ZGl2IGlkPSJybU9yZ2FuaXNtIj4KPGRpdiBjbGFzcz0icm1FbWJlZCBybUxheW91dC0tdmVydGljYWwgcm1CYXNlIj4KPGRpdiBjbGFzcz0icm1CYXNlX19ib2R5IHJtU3Vic2NyaXB0aW9uIiBkYXRhLXBhZ2UtdHlwZT0iZm9ybVN1YnNjcmliZSI+Cjxmb3JtIGNsYXNzPSJybUJhc2VfX2NvbnRlbnQiIGFjdGlvbj0iaHR0cHM6Ly90NDI1MjhlOWIuZW1haWxzeXMxYS5uZXQvMjQ1LzExNTEvMDZlOTY3MGE4Yi9zdWJzY3JpYmUvZm9ybS5odG1sP19nPTE2OTU5MTMxNDgiIG1ldGhvZD0icG9zdCI+CjxkaXYgY2xhc3M9InJtQmFzZV9fY29udGFpbmVyIj4KPGRpdiBjbGFzcz0icm1CYXNlX19zZWN0aW9uIj4KPGRpdiBjbGFzcz0icm1CYXNlX19lbCBybUJhc2VfX2VsLS1oZWFkaW5nIj4KPGRpdiBjbGFzcz0icm1CYXNlX19jb21wLS1oZWFkaW5nIj5T4oCZaW5zY3JpcmUgbWFpbnRlbmFudDxiciAvPgo8IS0tIHRoaXMgbGluZWJyZWFrIGlzIGltcG9ydGFudCwgZG9uJ3QgcmVtb3ZlIGl0ISB0aGlzIHdpbGwgZm9yY2UgdHJhaWxpbmcgbGluZWJyZWFrcyB0byBiZSBkaXNwbGF5ZWQgLS0+PC9kaXY+CjwvZGl2Pgo8L2Rpdj4KPGRpdiBjbGFzcz0icm1CYXNlX19zZWN0aW9uIj4KPGRpdiBjbGFzcz0icm1CYXNlX19lbCBybUJhc2VfX2VsLS10ZXh0Ij4KPGRpdiBjbGFzcz0icm1CYXNlX19jb21wLS10ZXh0Ij5ldCByZXN0ZXogaW5mb3Jtw6kmbmJzcDshPGJyIC8+CjwhLS0gdGhpcyBsaW5lYnJlYWsgaXMgaW1wb3J0YW50LCBkb24ndCByZW1vdmUgaXQhIHRoaXMgd2lsbCBmb3JjZSB0cmFpbGluZyBsaW5lYnJlYWtzIHRvIGJlIGRpc3BsYXllZCAtLT48L2Rpdj4KPC9kaXY+CjwvZGl2Pgo8ZGl2IGNsYXNzPSJybUJhc2VfX3NlY3Rpb24iPgo8ZGl2IGNsYXNzPSJybUJhc2VfX2VsIHJtQmFzZV9fZWwtLWlucHV0IHJtQmFzZV9fZWwtLWxhYmVsLXBvcy1ub25lIiBkYXRhLWZpZWxkPSJmaXJzdG5hbWUiPjxsYWJlbCBjbGFzcz0icm1CYXNlX19jb21wTGFiZWwgcm1CYXNlX19jb21wTGFiZWwtLWhpZGVhYmxlIiBmb3I9ImZpcnN0bmFtZSI+PGJyIC8+ClByw6lub208YnIgLz4KPC9sYWJlbD48L3A+CjxkaXYgY2xhc3M9InJtQmFzZV9fY29tcENvbnRhaW5lciI+CjxwPjxpbnB1dCBpZD0iZmlyc3RuYW1lIiBjbGFzcz0icm1CYXNlX19jb21wLS1pbnB1dCBjb21wX19pbnB1dCIgbmFtZT0iZmlyc3RuYW1lIiB0eXBlPSJ0ZXh0IiB2YWx1ZT0iIiBwbGFjZWhvbGRlcj0iUHLDqW5vbSI+PC9wPgo8ZGl2IGNsYXNzPSJybUJhc2VfX2NvbXBFcnJvciI+PC9kaXY+CjwvZGl2Pgo8L2Rpdj4KPGRpdiBjbGFzcz0icm1CYXNlX19lbCBybUJhc2VfX2VsLS1pbnB1dCBybUJhc2VfX2VsLS1sYWJlbC1wb3Mtbm9uZSIgZGF0YS1maWVsZD0ibGFzdG5hbWUiPjxsYWJlbCBjbGFzcz0icm1CYXNlX19jb21wTGFiZWwgcm1CYXNlX19jb21wTGFiZWwtLWhpZGVhYmxlIiBmb3I9Imxhc3RuYW1lIj48YnIgLz4KTm9tIGRlIGZhbWlsbGU8YnIgLz4KPC9sYWJlbD48L3A+CjxkaXYgY2xhc3M9InJtQmFzZV9fY29tcENvbnRhaW5lciI+CjxwPjxpbnB1dCBpZD0ibGFzdG5hbWUiIGNsYXNzPSJybUJhc2VfX2NvbXAtLWlucHV0IGNvbXBfX2lucHV0IiBuYW1lPSJsYXN0bmFtZSIgdHlwZT0idGV4dCIgdmFsdWU9IiIgcGxhY2Vob2xkZXI9Ik5vbSBkZSBmYW1pbGxlIj48L3A+CjxkaXYgY2xhc3M9InJtQmFzZV9fY29tcEVycm9yIj48L2Rpdj4KPC9kaXY+CjwvZGl2Pgo8ZGl2IGNsYXNzPSJybUJhc2VfX2VsIHJtQmFzZV9fZWwtLWlucHV0IHJtQmFzZV9fZWwtLWxhYmVsLXBvcy1ub25lIiBkYXRhLWZpZWxkPSJlbWFpbCI+PGxhYmVsIGNsYXNzPSJybUJhc2VfX2NvbXBMYWJlbCBybUJhc2VfX2NvbXBMYWJlbC0taGlkZWFibGUiIGZvcj0iZW1haWwiPjxiciAvPgpBZHJlc3NlIGUtbWFpbDxiciAvPgo8L2xhYmVsPjwvcD4KPGRpdiBjbGFzcz0icm1CYXNlX19jb21wQ29udGFpbmVyIj4KPHA+PGlucHV0IGlkPSJlbWFpbCIgY2xhc3M9InJtQmFzZV9fY29tcC0taW5wdXQgY29tcF9faW5wdXQiIG5hbWU9ImVtYWlsIiB0eXBlPSJ0ZXh0IiB2YWx1ZT0iIiBwbGFjZWhvbGRlcj0iRS1tYWlsIj48L3A+CjxkaXYgY2xhc3M9InJtQmFzZV9fY29tcEVycm9yIj48L2Rpdj4KPC9kaXY+CjwvZGl2Pgo8ZGl2IGNsYXNzPSJybUJhc2VfX2VsIHJtQmFzZV9fZWwtLWN0YSI+PGJ1dHRvbiBjbGFzcz0icm1CYXNlX19jb21wLS1jdGEiIHR5cGU9InN1Ym1pdCI+UyZyc3F1bztpbnNjcmlyZTwvYnV0dG9uPjwvZGl2Pgo8L2Rpdj4KPGRpdiBjbGFzcz0icm1CYXNlX19zZWN0aW9uIj4KPGRpdiBjbGFzcz0icm1CYXNlX19lbCBybUJhc2VfX2VsLS1kYXRhLXByaXZhY3kiPgo8ZGl2IGNsYXNzPSJybUJhc2VfX2NvbXAtLXByaXZhY3kiPgo8ZmlndXJlIGNsYXNzPSJwcml2YWN5X192aXN1YWwiPjwvZmlndXJlPgo8cCBjbGFzcz0icHJpdmFjeV9fdGV4dCI+UG91ciBsJnJzcXVvO2Vudm9pIGRlIG5vcyBuZXdzbGV0dGVycywgbm91cyB1dGlsaXNvbnMgcmFwaWRtYWlsLiBFbiB2b3VzIGluc2NyaXZhbnQsIHZvdXMgYWNjZXB0ZXogcXVlIGxlcyBkb25uw6llcyBzYWlzaWVzIHNvaWVudCB0cmFuc21pc2VzIMOgIHJhcGlkbWFpbC4gVmV1aWxsZXogw6lnYWxlbWVudCBjb25zdWx0ZXIgbGVzIENHViBldCBsZXMgcsOoZ2xlcyBkZSBjb25maWRlbnRpYWxpdMOpLiAgPC9wPgo8L2Rpdj4KPC9kaXY+CjwvZGl2Pgo8L2Rpdj4KPC9mb3JtPgo8L2Rpdj4KPGRpdiBjbGFzcz0icm1CYXNlX19ib2R5IHJtU3Vic2NyaXB0aW9uIGhpZGRlbiIgZGF0YS1wYWdlLXR5cGU9InBhZ2VTdWJzY3JpYmVTdWNjZXNzIj4KPGRpdiBjbGFzcz0icm1CYXNlX19jb250ZW50Ij4KPGRpdiBjbGFzcz0icm1CYXNlX19jb250YWluZXIiPgo8ZGl2IGNsYXNzPSJybUJhc2VfX3NlY3Rpb24iPgo8ZGl2IGNsYXNzPSJybUJhc2VfX2VsIHJtQmFzZV9fZWwtLWhlYWRpbmciPgo8ZGl2IGNsYXNzPSJybUJhc2VfX2NvbXAtLWhlYWRpbmciPk1lcmNpIGJlYXVjb3VwIHBvdXIgdm90cmUgaW5zY3JpcHRpb24mbmJzcDshPGJyIC8+CjwhLS0gdGhpcyBsaW5lYnJlYWsgaXMgaW1wb3J0YW50LCBkb24ndCByZW1vdmUgaXQhIHRoaXMgd2lsbCBmb3JjZSB0cmFpbGluZyBsaW5lYnJlYWtzIHRvIGJlIGRpc3BsYXllZCAtLT48L2Rpdj4KPC9kaXY+CjwvZGl2Pgo8ZGl2IGNsYXNzPSJybUJhc2VfX3NlY3Rpb24iPgo8ZGl2IGNsYXNzPSJybUJhc2VfX2VsIHJtQmFzZV9fZWwtLXRleHQiPgo8ZGl2IGNsYXNzPSJybUJhc2VfX2NvbXAtLXRleHQiPk5vdXMgdm91cyBhdm9ucyBkw6lqw6AgZW52b3nDqSBsZSBwcmVtaWVyIGUtbWFpbCBldCB2b3VzIGRlbWFuZG9ucyBkZSBjb25maXJtZXIgdm90cmUgYWRyZXNzZSBlLW1haWwgdmlhIGxlIGxpZW4gZOKAmWFjdGl2YXRpb24uPGJyIC8+CjwhLS0gdGhpcyBsaW5lYnJlYWsgaXMgaW1wb3J0YW50LCBkb24ndCByZW1vdmUgaXQhIHRoaXMgd2lsbCBmb3JjZSB0cmFpbGluZyBsaW5lYnJlYWtzIHRvIGJlIGRpc3BsYXllZCAtLT48L2Rpdj4KPC9kaXY+CjwvZGl2Pgo8L2Rpdj4KPC9kaXY+CjwvZGl2Pgo8L2Rpdj4KPC9kaXY+CjxwPjxzY3JpcHQgc3JjPSJodHRwczovL3Q0MjUyOGU5Yi5lbWFpbHN5czFhLm5ldC9mb3JtLzI0NS8xMTUxL2UyNDE5YmY1NmIvZW1iZWRkZWQuanMiIGFzeW5jPSIiPjwvc2NyaXB0PjxiciAvPgo=<\/script><\/div><\/div>\n","protected":false},"excerpt":{"rendered":"<p>Bienvenue&nbsp;! Vous avez trouv\u00e9 le chemin vers notre newsletter&nbsp;! Vous recevrez ici r\u00e9guli\u00e8rement des informations et un acc\u00e8s aux derni\u00e8res tendances du secteur, \u00e0 nos communiqu\u00e9s de presse, aux d\u00e9clarations de la direction, aux projets d\u2019innovation et de d\u00e9veloppement, \u00e0 notre vision durable, aux opportunit\u00e9s de carri\u00e8re, aux mises \u00e0 jour internes et bien plus [&hellip;]<\/p>\n","protected":false},"author":5,"featured_media":0,"parent":0,"menu_order":0,"comment_status":"closed","ping_status":"closed","template":"","meta":{"_acf_changed":false,"inline_featured_image":false,"footnotes":""},"class_list":["post-2350","page","type-page","status-publish","hentry"],"acf":[],"_links":{"self":[{"href":"https:\/\/rneumayer.clients.bluedom.ch\/fr\/wp-json\/wp\/v2\/pages\/2350","targetHints":{"allow":["GET"]}}],"collection":[{"href":"https:\/\/rneumayer.clients.bluedom.ch\/fr\/wp-json\/wp\/v2\/pages"}],"about":[{"href":"https:\/\/rneumayer.clients.bluedom.ch\/fr\/wp-json\/wp\/v2\/types\/page"}],"author":[{"embeddable":true,"href":"https:\/\/rneumayer.clients.bluedom.ch\/fr\/wp-json\/wp\/v2\/users\/5"}],"replies":[{"embeddable":true,"href":"https:\/\/rneumayer.clients.bluedom.ch\/fr\/wp-json\/wp\/v2\/comments?post=2350"}],"version-history":[{"count":5,"href":"https:\/\/rneumayer.clients.bluedom.ch\/fr\/wp-json\/wp\/v2\/pages\/2350\/revisions"}],"predecessor-version":[{"id":3344,"href":"https:\/\/rneumayer.clients.bluedom.ch\/fr\/wp-json\/wp\/v2\/pages\/2350\/revisions\/3344"}],"wp:attachment":[{"href":"https:\/\/rneumayer.clients.bluedom.ch\/fr\/wp-json\/wp\/v2\/media?parent=2350"}],"curies":[{"name":"wp","href":"https:\/\/api.w.org\/{rel}","templated":true}]}}