{"id":2349,"date":"2023-09-30T19:33:35","date_gmt":"2023-09-30T17:33:35","guid":{"rendered":"https:\/\/rneumayer.clients.bluedom.ch\/newsletter\/"},"modified":"2023-10-02T15:29:49","modified_gmt":"2023-10-02T13:29:49","slug":"newsletter","status":"publish","type":"page","link":"https:\/\/rneumayer.clients.bluedom.ch\/en\/newsletter\/","title":{"rendered":"Newsletter"},"content":{"rendered":"<p><strong>Willkommen &#8211; Sie haben den Weg zu unserem Newsletter gefunden!<\/strong><\/p>\n<p>Hier erhalten Sie regelm\u00e4\u00dfig Informationen und Zugang zu den neuesten Branchentrends, unseren Presseberichten, Statements der Gesch\u00e4ftsf\u00fchrung, Innovations- und Entwicklungsprojekten, unserer nachhaltigen Vision, Karrierem\u00f6glichkeiten, internen Updates und vielem mehr.<\/p>\n<p>Melden Sie sich jetzt an, um immer als Erstes informiert zu sein. Ein Klick auf den Anmeldebutton gen\u00fcgt und wir hei\u00dfen Sie Willkommen in der Welt von NEUMAYER!<\/p>\n<div class=\"BorlabsCookie _brlbs-cb-rapidmail\"><div class=\"_brlbs-content-blocker\"> <div class=\"_brlbs-default\"> <p>Click on the button to load the content from rapidmail.<\/p> <p><a class=\"_brlbs-btn\" href=\"#\" data-borlabs-cookie-unblock role=\"button\">Load content<\/a><\/p> <\/div> <\/div><div class=\"borlabs-hide\" data-borlabs-cookie-type=\"content-blocker\" data-borlabs-cookie-id=\"rapidmail\"><script type=\"text\/template\">PC9wPgo8ZGl2IGlkPSJybU9yZ2FuaXNtIj4KPGRpdiBjbGFzcz0icm1FbWJlZCBybUxheW91dC0tdmVydGljYWwgcm1CYXNlIj4KPGRpdiBjbGFzcz0icm1CYXNlX19ib2R5IHJtU3Vic2NyaXB0aW9uIiBkYXRhLXBhZ2UtdHlwZT0iZm9ybVN1YnNjcmliZSI+Cjxmb3JtIGNsYXNzPSJybUJhc2VfX2NvbnRlbnQiIGFjdGlvbj0iaHR0cHM6Ly90NDI1MjhlOWIuZW1haWxzeXMxYS5uZXQvMjQ1LzExNTEvMDZlOTY3MGE4Yi9zdWJzY3JpYmUvZm9ybS5odG1sP19nPTE2OTU5MTMxNDgiIG1ldGhvZD0icG9zdCI+CjxkaXYgY2xhc3M9InJtQmFzZV9fY29udGFpbmVyIj4KPGRpdiBjbGFzcz0icm1CYXNlX19zZWN0aW9uIj4KPGRpdiBjbGFzcz0icm1CYXNlX19lbCBybUJhc2VfX2VsLS1oZWFkaW5nIj4KPGRpdiBjbGFzcz0icm1CYXNlX19jb21wLS1oZWFkaW5nIj5KZXR6dCBhbm1lbGRlbjxiciAvPgo8IS0tIHRoaXMgbGluZWJyZWFrIGlzIGltcG9ydGFudCwgZG9uJ3QgcmVtb3ZlIGl0ISB0aGlzIHdpbGwgZm9yY2UgdHJhaWxpbmcgbGluZWJyZWFrcyB0byBiZSBkaXNwbGF5ZWQgLS0+PC9kaXY+CjwvZGl2Pgo8L2Rpdj4KPGRpdiBjbGFzcz0icm1CYXNlX19zZWN0aW9uIj4KPGRpdiBjbGFzcz0icm1CYXNlX19lbCBybUJhc2VfX2VsLS10ZXh0Ij4KPGRpdiBjbGFzcz0icm1CYXNlX19jb21wLS10ZXh0Ij51bmQgYXVmIGRlbSBMYXVmZW5kZW4gYmxlaWJlbiE8YnIgLz4KPCEtLSB0aGlzIGxpbmVicmVhayBpcyBpbXBvcnRhbnQsIGRvbid0IHJlbW92ZSBpdCEgdGhpcyB3aWxsIGZvcmNlIHRyYWlsaW5nIGxpbmVicmVha3MgdG8gYmUgZGlzcGxheWVkIC0tPjwvZGl2Pgo8L2Rpdj4KPC9kaXY+CjxkaXYgY2xhc3M9InJtQmFzZV9fc2VjdGlvbiI+CjxkaXYgY2xhc3M9InJtQmFzZV9fZWwgcm1CYXNlX19lbC0taW5wdXQgcm1CYXNlX19lbC0tbGFiZWwtcG9zLW5vbmUiIGRhdGEtZmllbGQ9ImZpcnN0bmFtZSI+PGxhYmVsIGNsYXNzPSJybUJhc2VfX2NvbXBMYWJlbCBybUJhc2VfX2NvbXBMYWJlbC0taGlkZWFibGUiIGZvcj0iZmlyc3RuYW1lIj48YnIgLz4KVm9ybmFtZTxiciAvPgo8L2xhYmVsPjwvcD4KPGRpdiBjbGFzcz0icm1CYXNlX19jb21wQ29udGFpbmVyIj4KPHA+PGlucHV0IGlkPSJmaXJzdG5hbWUiIGNsYXNzPSJybUJhc2VfX2NvbXAtLWlucHV0IGNvbXBfX2lucHV0IiBuYW1lPSJmaXJzdG5hbWUiIHR5cGU9InRleHQiIHZhbHVlPSIiIHBsYWNlaG9sZGVyPSJWb3JuYW1lIiAvPjwvcD4KPGRpdiBjbGFzcz0icm1CYXNlX19jb21wRXJyb3IiPjwvZGl2Pgo8L2Rpdj4KPC9kaXY+CjxkaXYgY2xhc3M9InJtQmFzZV9fZWwgcm1CYXNlX19lbC0taW5wdXQgcm1CYXNlX19lbC0tbGFiZWwtcG9zLW5vbmUiIGRhdGEtZmllbGQ9Imxhc3RuYW1lIj48bGFiZWwgY2xhc3M9InJtQmFzZV9fY29tcExhYmVsIHJtQmFzZV9fY29tcExhYmVsLS1oaWRlYWJsZSIgZm9yPSJsYXN0bmFtZSI+PGJyIC8+Ck5hY2huYW1lPGJyIC8+CjwvbGFiZWw+PC9wPgo8ZGl2IGNsYXNzPSJybUJhc2VfX2NvbXBDb250YWluZXIiPgo8cD48aW5wdXQgaWQ9Imxhc3RuYW1lIiBjbGFzcz0icm1CYXNlX19jb21wLS1pbnB1dCBjb21wX19pbnB1dCIgbmFtZT0ibGFzdG5hbWUiIHR5cGU9InRleHQiIHZhbHVlPSIiIHBsYWNlaG9sZGVyPSJOYWNobmFtZSIgLz48L3A+CjxkaXYgY2xhc3M9InJtQmFzZV9fY29tcEVycm9yIj48L2Rpdj4KPC9kaXY+CjwvZGl2Pgo8ZGl2IGNsYXNzPSJybUJhc2VfX2VsIHJtQmFzZV9fZWwtLWlucHV0IHJtQmFzZV9fZWwtLWxhYmVsLXBvcy1ub25lIiBkYXRhLWZpZWxkPSJlbWFpbCI+PGxhYmVsIGNsYXNzPSJybUJhc2VfX2NvbXBMYWJlbCBybUJhc2VfX2NvbXBMYWJlbC0taGlkZWFibGUiIGZvcj0iZW1haWwiPjxiciAvPgpFLU1haWwtQWRyZXNzZTxiciAvPgo8L2xhYmVsPjwvcD4KPGRpdiBjbGFzcz0icm1CYXNlX19jb21wQ29udGFpbmVyIj4KPHA+PGlucHV0IGlkPSJlbWFpbCIgY2xhc3M9InJtQmFzZV9fY29tcC0taW5wdXQgY29tcF9faW5wdXQiIG5hbWU9ImVtYWlsIiB0eXBlPSJ0ZXh0IiB2YWx1ZT0iIiBwbGFjZWhvbGRlcj0iRS1NYWlsIiAvPjwvcD4KPGRpdiBjbGFzcz0icm1CYXNlX19jb21wRXJyb3IiPjwvZGl2Pgo8L2Rpdj4KPC9kaXY+CjxkaXYgY2xhc3M9InJtQmFzZV9fZWwgcm1CYXNlX19lbC0tY3RhIj48YnV0dG9uIGNsYXNzPSJybUJhc2VfX2NvbXAtLWN0YSIgdHlwZT0ic3VibWl0Ij5Bbm1lbGRlbjwvYnV0dG9uPjwvZGl2Pgo8L2Rpdj4KPGRpdiBjbGFzcz0icm1CYXNlX19zZWN0aW9uIj4KPGRpdiBjbGFzcz0icm1CYXNlX19lbCBybUJhc2VfX2VsLS1kYXRhLXByaXZhY3kiPgo8ZGl2IGNsYXNzPSJybUJhc2VfX2NvbXAtLXByaXZhY3kiPgo8ZmlndXJlIGNsYXNzPSJwcml2YWN5X192aXN1YWwiPjwvZmlndXJlPgo8cCBjbGFzcz0icHJpdmFjeV9fdGV4dCI+RsO8ciBkZW4gVmVyc2FuZCB1bnNlcmVyIE5ld3NsZXR0ZXIgbnV0emVuIHdpciByYXBpZG1haWwuIE1pdCBJaHJlciBBbm1lbGR1bmcgc3RpbW1lbiBTaWUgenUsIGRhc3MgZGllIGVpbmdlZ2ViZW5lbiBEYXRlbiBhbiByYXBpZG1haWwgw7xiZXJtaXR0ZWx0IHdlcmRlbi4gQmVhY2h0ZW4gU2llIGJpdHRlIGF1Y2ggZGllIEFHQiB1bmQgRGF0ZW5zY2h1dHpiZXN0aW1tdW5nZW4uPC9wPgo8L2Rpdj4KPC9kaXY+CjwvZGl2Pgo8L2Rpdj4KPC9mb3JtPgo8L2Rpdj4KPGRpdiBjbGFzcz0icm1CYXNlX19ib2R5IHJtU3Vic2NyaXB0aW9uIGhpZGRlbiIgZGF0YS1wYWdlLXR5cGU9InBhZ2VTdWJzY3JpYmVTdWNjZXNzIj4KPGRpdiBjbGFzcz0icm1CYXNlX19jb250ZW50Ij4KPGRpdiBjbGFzcz0icm1CYXNlX19jb250YWluZXIiPgo8ZGl2IGNsYXNzPSJybUJhc2VfX3NlY3Rpb24iPgo8ZGl2IGNsYXNzPSJybUJhc2VfX2VsIHJtQmFzZV9fZWwtLWhlYWRpbmciPgo8ZGl2IGNsYXNzPSJybUJhc2VfX2NvbXAtLWhlYWRpbmciPlZpZWxlbiBEYW5rIGbDvHIgSWhyZSBBbm1lbGR1bmchPGJyIC8+CjwhLS0gdGhpcyBsaW5lYnJlYWsgaXMgaW1wb3J0YW50LCBkb24ndCByZW1vdmUgaXQhIHRoaXMgd2lsbCBmb3JjZSB0cmFpbGluZyBsaW5lYnJlYWtzIHRvIGJlIGRpc3BsYXllZCAtLT48L2Rpdj4KPC9kaXY+CjwvZGl2Pgo8ZGl2IGNsYXNzPSJybUJhc2VfX3NlY3Rpb24iPgo8ZGl2IGNsYXNzPSJybUJhc2VfX2VsIHJtQmFzZV9fZWwtLXRleHQiPgo8ZGl2IGNsYXNzPSJybUJhc2VfX2NvbXAtLXRleHQiPldpciBoYWJlbiBJaG5lbiBhdWNoIHNjaG9uIGRpZSBlcnN0ZSBFLU1haWwgZ2VzY2hpY2t0IHVuZCBiaXR0ZW4gU2llLCBJaHJlIEUtTWFpbC1BZHJlc3NlIMO8YmVyIGRlbiBBa3RpdmllcnVuZ3NsaW5rIHp1IGJlc3TDpHRpZ2VuLjxiciAvPgo8IS0tIHRoaXMgbGluZWJyZWFrIGlzIGltcG9ydGFudCwgZG9uJ3QgcmVtb3ZlIGl0ISB0aGlzIHdpbGwgZm9yY2UgdHJhaWxpbmcgbGluZWJyZWFrcyB0byBiZSBkaXNwbGF5ZWQgLS0+PC9kaXY+CjwvZGl2Pgo8L2Rpdj4KPC9kaXY+CjwvZGl2Pgo8L2Rpdj4KPC9kaXY+CjwvZGl2Pgo8cD48c2NyaXB0IHNyYz0iaHR0cHM6Ly90NDI1MjhlOWIuZW1haWxzeXMxYS5uZXQvZm9ybS8yNDUvMTE1MS9lMjQxOWJmNTZiL2VtYmVkZGVkLmpzIiBhc3luYz48L3NjcmlwdD48YnIgLz4K<\/script><\/div><\/div>\n","protected":false},"excerpt":{"rendered":"<p>Willkommen &#8211; Sie haben den Weg zu unserem Newsletter gefunden! Hier erhalten Sie regelm\u00e4\u00dfig Informationen und Zugang zu den neuesten Branchentrends, unseren Presseberichten, Statements der Gesch\u00e4ftsf\u00fchrung, Innovations- und Entwicklungsprojekten, unserer nachhaltigen Vision, Karrierem\u00f6glichkeiten, internen Updates und vielem mehr. Melden Sie sich jetzt an, um immer als Erstes informiert zu sein. Ein Klick auf den Anmeldebutton [&hellip;]<\/p>\n","protected":false},"author":5,"featured_media":0,"parent":0,"menu_order":0,"comment_status":"closed","ping_status":"closed","template":"","meta":{"_acf_changed":false,"inline_featured_image":false,"footnotes":""},"class_list":["post-2349","page","type-page","status-publish","hentry"],"acf":[],"_links":{"self":[{"href":"https:\/\/rneumayer.clients.bluedom.ch\/en\/wp-json\/wp\/v2\/pages\/2349","targetHints":{"allow":["GET"]}}],"collection":[{"href":"https:\/\/rneumayer.clients.bluedom.ch\/en\/wp-json\/wp\/v2\/pages"}],"about":[{"href":"https:\/\/rneumayer.clients.bluedom.ch\/en\/wp-json\/wp\/v2\/types\/page"}],"author":[{"embeddable":true,"href":"https:\/\/rneumayer.clients.bluedom.ch\/en\/wp-json\/wp\/v2\/users\/5"}],"replies":[{"embeddable":true,"href":"https:\/\/rneumayer.clients.bluedom.ch\/en\/wp-json\/wp\/v2\/comments?post=2349"}],"version-history":[{"count":3,"href":"https:\/\/rneumayer.clients.bluedom.ch\/en\/wp-json\/wp\/v2\/pages\/2349\/revisions"}],"predecessor-version":[{"id":2358,"href":"https:\/\/rneumayer.clients.bluedom.ch\/en\/wp-json\/wp\/v2\/pages\/2349\/revisions\/2358"}],"wp:attachment":[{"href":"https:\/\/rneumayer.clients.bluedom.ch\/en\/wp-json\/wp\/v2\/media?parent=2349"}],"curies":[{"name":"wp","href":"https:\/\/api.w.org\/{rel}","templated":true}]}}